{"id":2217,"date":"2025-08-12T14:56:57","date_gmt":"2025-08-12T14:56:57","guid":{"rendered":"https:\/\/shediacbaycruises.ca\/?page_id=2217"},"modified":"2025-08-12T15:01:41","modified_gmt":"2025-08-12T15:01:41","slug":"live-comedy-on-the-bay","status":"publish","type":"page","link":"https:\/\/shediacbaycruises.ca\/fr\/live-comedy-on-the-bay\/","title":{"rendered":"Live comedy on the bay"},"content":{"rendered":"<div data-elementor-type=\"wp-page\" data-elementor-id=\"2217\" class=\"elementor elementor-2217\" data-elementor-post-type=\"page\">\n\t\t\t\t\t\t<section class=\"elementor-section elementor-top-section elementor-element elementor-element-6718c3cb elementor-section-full_width elementor-section-height-default elementor-section-height-default\" data-id=\"6718c3cb\" data-element_type=\"section\" data-e-type=\"section\" data-settings=\"{&quot;background_background&quot;:&quot;classic&quot;}\">\n\t\t\t\t\t\t\t<div class=\"elementor-background-overlay\"><\/div>\n\t\t\t\t\t\t\t<div class=\"elementor-container elementor-column-gap-no\">\n\t\t\t\t\t<div class=\"elementor-column elementor-col-100 elementor-top-column elementor-element elementor-element-6dc16479\" data-id=\"6dc16479\" data-element_type=\"column\" data-e-type=\"column\">\n\t\t\t<div class=\"elementor-widget-wrap elementor-element-populated\">\n\t\t\t\t\t\t<section class=\"elementor-section elementor-inner-section elementor-element elementor-element-28ea4b30 elementor-section-content-middle elementor-section-boxed elementor-section-height-default elementor-section-height-default\" data-id=\"28ea4b30\" data-element_type=\"section\" data-e-type=\"section\" data-settings=\"{&quot;background_background&quot;:&quot;classic&quot;}\">\n\t\t\t\t\t\t\t<div class=\"elementor-background-overlay\"><\/div>\n\t\t\t\t\t\t\t<div class=\"elementor-container elementor-column-gap-default\">\n\t\t\t\t\t<div class=\"elementor-column elementor-col-100 elementor-inner-column elementor-element elementor-element-243f347c\" data-id=\"243f347c\" data-element_type=\"column\" data-e-type=\"column\">\n\t\t\t<div class=\"elementor-widget-wrap\">\n\t\t\t\t\t\t\t<\/div>\n\t\t<\/div>\n\t\t\t\t\t<\/div>\n\t\t<\/section>\n\t\t\t\t\t<\/div>\n\t\t<\/div>\n\t\t\t\t\t<\/div>\n\t\t<\/section>\n\t\t\t\t<section class=\"elementor-section elementor-top-section elementor-element elementor-element-25367d58 elementor-section-boxed elementor-section-height-default elementor-section-height-default\" data-id=\"25367d58\" data-element_type=\"section\" data-e-type=\"section\" data-settings=\"{&quot;background_background&quot;:&quot;classic&quot;}\">\n\t\t\t\t\t\t<div class=\"elementor-container elementor-column-gap-default\">\n\t\t\t\t\t<div class=\"elementor-column elementor-col-100 elementor-top-column elementor-element elementor-element-66b19c23 elementor-invisible\" data-id=\"66b19c23\" data-element_type=\"column\" data-e-type=\"column\" data-settings=\"{&quot;animation&quot;:&quot;fadeInRight&quot;}\">\n\t\t\t<div class=\"elementor-widget-wrap elementor-element-populated\">\n\t\t\t\t\t\t<div class=\"elementor-element elementor-element-7d52f609 elementor-widget elementor-widget-html\" data-id=\"7d52f609\" data-element_type=\"widget\" data-e-type=\"widget\" data-widget_type=\"html.default\">\n\t\t\t\t<div class=\"elementor-widget-container\">\n\t\t\t\t\t<script defer=\"\" type=\"text\/javascript\" src=\"https:\/\/shediacbaycruises.rezdy.com\/pluginJs\"><\/script>\r\n                <iframe seamless=\"\" width=\"100%\" height=\"1000px\" frameborder=\"0\" class=\"rezdy\" src=\"https:\/\/shediacbaycruises.rezdy.com\/657819\/tour-comedy-event?iframe=true\"><\/iframe>\t\t\t\t<\/div>\n\t\t\t\t<\/div>\n\t\t\t\t\t<\/div>\n\t\t<\/div>\n\t\t\t\t\t<\/div>\n\t\t<\/section>\n\t\t\t\t<section class=\"elementor-section elementor-top-section elementor-element elementor-element-31b0b62e elementor-section-boxed elementor-section-height-default elementor-section-height-default\" data-id=\"31b0b62e\" data-element_type=\"section\" data-e-type=\"section\" data-settings=\"{&quot;background_background&quot;:&quot;classic&quot;}\">\n\t\t\t\t\t\t<div class=\"elementor-container elementor-column-gap-default\">\n\t\t\t\t\t<div class=\"elementor-column elementor-col-33 elementor-top-column elementor-element elementor-element-2cdfa656 elementor-invisible\" data-id=\"2cdfa656\" data-element_type=\"column\" data-e-type=\"column\" data-settings=\"{&quot;animation&quot;:&quot;fadeInLeft&quot;,&quot;background_background&quot;:&quot;classic&quot;}\">\n\t\t\t<div class=\"elementor-widget-wrap elementor-element-populated\">\n\t\t\t\t\t\t<div class=\"elementor-element elementor-element-38e42e82 elementor-widget elementor-widget-image\" data-id=\"38e42e82\" data-element_type=\"widget\" data-e-type=\"widget\" data-widget_type=\"image.default\">\n\t\t\t\t<div class=\"elementor-widget-container\">\n\t\t\t\t\t\t\t\t\t\t\t\t\t\t\t<img fetchpriority=\"high\" decoding=\"async\" width=\"542\" height=\"291\" src=\"https:\/\/shediacbaycruises.ca\/wp-content\/uploads\/2025\/02\/boat_wheel_black.png\" class=\"attachment-large size-large wp-image-105\" alt=\"\" srcset=\"https:\/\/shediacbaycruises.ca\/wp-content\/uploads\/2025\/02\/boat_wheel_black.png 542w, https:\/\/shediacbaycruises.ca\/wp-content\/uploads\/2025\/02\/boat_wheel_black-300x161.png 300w, https:\/\/shediacbaycruises.ca\/wp-content\/uploads\/2025\/02\/boat_wheel_black-18x10.png 18w\" sizes=\"(max-width: 542px) 100vw, 542px\" \/>\t\t\t\t\t\t\t\t\t\t\t\t\t\t\t<\/div>\n\t\t\t\t<\/div>\n\t\t\t\t<div class=\"elementor-element elementor-element-6615a27c elementor-widget-mobile__width-initial elementor-widget elementor-widget-heading\" data-id=\"6615a27c\" data-element_type=\"widget\" data-e-type=\"widget\" data-widget_type=\"heading.default\">\n\t\t\t\t<div class=\"elementor-widget-container\">\n\t\t\t\t\t<h2 class=\"elementor-heading-title elementor-size-default\">D\u00e9couvrez nos autres croisi\u00e8res<\/h2>\t\t\t\t<\/div>\n\t\t\t\t<\/div>\n\t\t\t\t<div class=\"elementor-element elementor-element-15eadee9 elementor-widget elementor-widget-text-editor\" data-id=\"15eadee9\" data-element_type=\"widget\" data-e-type=\"widget\" data-widget_type=\"text-editor.default\">\n\t\t\t\t<div class=\"elementor-widget-container\">\n\t\t\t\t\t\t\t\t\tToutes nos exp\u00e9riences sont con\u00e7ues pour plaire\t\t\t\t\t\t\t\t<\/div>\n\t\t\t\t<\/div>\n\t\t\t\t<div class=\"elementor-element elementor-element-35820b02 elementor-widget elementor-widget-image\" data-id=\"35820b02\" data-element_type=\"widget\" data-e-type=\"widget\" data-widget_type=\"image.default\">\n\t\t\t\t<div class=\"elementor-widget-container\">\n\t\t\t\t\t\t\t\t\t\t\t\t\t\t\t<img decoding=\"async\" width=\"171\" height=\"66\" src=\"https:\/\/shediacbaycruises.ca\/wp-content\/uploads\/2025\/02\/sbc_logo-1.png\" class=\"attachment-large size-large wp-image-108\" alt=\"\" srcset=\"https:\/\/shediacbaycruises.ca\/wp-content\/uploads\/2025\/02\/sbc_logo-1.png 171w, https:\/\/shediacbaycruises.ca\/wp-content\/uploads\/2025\/02\/sbc_logo-1-18x7.png 18w\" sizes=\"(max-width: 171px) 100vw, 171px\" \/>\t\t\t\t\t\t\t\t\t\t\t\t\t\t\t<\/div>\n\t\t\t\t<\/div>\n\t\t\t\t\t<\/div>\n\t\t<\/div>\n\t\t\t\t<div class=\"elementor-column elementor-col-33 elementor-top-column elementor-element elementor-element-588d4c82\" data-id=\"588d4c82\" data-element_type=\"column\" data-e-type=\"column\">\n\t\t\t<div class=\"elementor-widget-wrap elementor-element-populated\">\n\t\t\t\t\t\t<div class=\"elementor-element elementor-element-52632d60 elementor-cta--valign-bottom elementor-bg-transform elementor-bg-transform-zoom-out elementor-cta--skin-classic elementor-widget elementor-widget-call-to-action\" data-id=\"52632d60\" data-element_type=\"widget\" data-e-type=\"widget\" data-widget_type=\"call-to-action.default\">\n\t\t\t\t<div class=\"elementor-widget-container\">\n\t\t\t\t\t\t\t<div class=\"elementor-cta\">\n\t\t\t\t\t<div class=\"elementor-cta__bg-wrapper\">\n\t\t\t\t<div class=\"elementor-cta__bg elementor-bg\" style=\"background-image: url(https:\/\/shediacbaycruises.ca\/wp-content\/uploads\/2025\/02\/cover_03.jpg);\" role=\"img\" aria-label=\"cover_03.jpg\"><\/div>\n\t\t\t\t<div class=\"elementor-cta__bg-overlay\"><\/div>\n\t\t\t<\/div>\n\t\t\t\t\t\t\t<div class=\"elementor-cta__content\">\n\t\t\t\t\n\t\t\t\t\t\t\t\t\t<h4 class=\"elementor-cta__title elementor-cta__content-item elementor-content-item\">\n\t\t\t\t\t\tTour de la baie \t\t\t\t\t<\/h4>\n\t\t\t\t\n\t\t\t\t\t\t\t\t\t<div class=\"elementor-cta__description elementor-cta__content-item elementor-content-item\">\n\t\t\t\t\t\tD\u00e9tendez-vous dans la brise marine tout en vous plongeant dans la beaut\u00e9 des paysages et la riche histoire de la c\u00e9l\u00e8bre baie de Shediac.\t\t\t\t\t<\/div>\n\t\t\t\t\n\t\t\t\t\t\t\t\t\t<div class=\"elementor-cta__button-wrapper elementor-cta__content-item elementor-content-item\">\n\t\t\t\t\t<a class=\"elementor-cta__button elementor-button elementor-size-\" href=\"https:\/\/shediacbaycruises.ca\/fr\/?p=224\">\n\t\t\t\t\t\tReserve maintenant\t\t\t\t\t<\/a>\n\t\t\t\t\t<\/div>\n\t\t\t\t\t\t\t<\/div>\n\t\t\t\t\t\t<\/div>\n\t\t\t\t\t\t<\/div>\n\t\t\t\t<\/div>\n\t\t\t\t<div class=\"elementor-element elementor-element-f36ae7 elementor-icon-list--layout-inline elementor-widget__width-auto elementor-absolute elementor-list-item-link-full_width elementor-widget elementor-widget-icon-list\" data-id=\"f36ae7\" data-element_type=\"widget\" data-e-type=\"widget\" data-settings=\"{&quot;_position&quot;:&quot;absolute&quot;}\" data-widget_type=\"icon-list.default\">\n\t\t\t\t<div class=\"elementor-widget-container\">\n\t\t\t\t\t\t\t<ul class=\"elementor-icon-list-items elementor-inline-items\">\n\t\t\t\t\t\t\t<li class=\"elementor-icon-list-item elementor-inline-item\">\n\t\t\t\t\t\t\t\t\t\t\t<span class=\"elementor-icon-list-icon\">\n\t\t\t\t\t\t\t<i aria-hidden=\"true\" class=\"icon_clock\"><\/i>\t\t\t\t\t\t<\/span>\n\t\t\t\t\t\t\t\t\t\t<span class=\"elementor-icon-list-text\">1.25 hrs<\/span>\n\t\t\t\t\t\t\t\t\t<\/li>\n\t\t\t\t\t\t\t\t<li class=\"elementor-icon-list-item elementor-inline-item\">\n\t\t\t\t\t\t\t\t\t\t\t<span class=\"elementor-icon-list-icon\">\n\t\t\t\t\t\t\t<svg aria-hidden=\"true\" class=\"e-font-icon-svg e-fas-user-friends\" viewbox=\"0 0 640 512\" xmlns=\"http:\/\/www.w3.org\/2000\/svg\"><path d=\"M192 256c61.9 0 112-50.1 112-112S253.9 32 192 32 80 82.1 80 144s50.1 112 112 112zm76.8 32h-8.3c-20.8 10-43.9 16-68.5 16s-47.6-6-68.5-16h-8.3C51.6 288 0 339.6 0 403.2V432c0 26.5 21.5 48 48 48h288c26.5 0 48-21.5 48-48v-28.8c0-63.6-51.6-115.2-115.2-115.2zM480 256c53 0 96-43 96-96s-43-96-96-96-96 43-96 96 43 96 96 96zm48 32h-3.8c-13.9 4.8-28.6 8-44.2 8s-30.3-3.2-44.2-8H432c-20.4 0-39.2 5.9-55.7 15.4 24.4 26.3 39.7 61.2 39.7 99.8v38.4c0 2.2-.5 4.3-.6 6.4H592c26.5 0 48-21.5 48-48 0-61.9-50.1-112-112-112z\"><\/path><\/svg>\t\t\t\t\t\t<\/span>\n\t\t\t\t\t\t\t\t\t\t<span class=\"elementor-icon-list-text\">Places disponibles : 65<\/span>\n\t\t\t\t\t\t\t\t\t<\/li>\n\t\t\t\t\t\t<\/ul>\n\t\t\t\t\t\t<\/div>\n\t\t\t\t<\/div>\n\t\t\t\t<div class=\"elementor-element elementor-element-23201763 elementor--star-style-star_unicode elementor-widget__width-auto elementor-absolute elementor-widget elementor-widget-star-rating\" data-id=\"23201763\" data-element_type=\"widget\" data-e-type=\"widget\" data-settings=\"{&quot;_position&quot;:&quot;absolute&quot;}\" data-widget_type=\"star-rating.default\">\n\t\t\t\t<div class=\"elementor-widget-container\">\n\t\t\t\t\t\t\t<div class=\"elementor-star-rating__wrapper\">\n\t\t\t\t\t\t\t<div class=\"elementor-star-rating__title\">(5)<\/div>\n\t\t\t\t\t\t<div class=\"elementor-star-rating\" itemtype=\"http:\/\/schema.org\/Rating\" itemscope=\"\" itemprop=\"reviewRating\">\n\t\t\t\t<i class=\"elementor-star-full\" aria-hidden=\"true\">&#9733;<\/i><i class=\"elementor-star-full\" aria-hidden=\"true\">&#9733;<\/i><i class=\"elementor-star-full\" aria-hidden=\"true\">&#9733;<\/i><i class=\"elementor-star-full\" aria-hidden=\"true\">&#9733;<\/i><i class=\"elementor-star-full\" aria-hidden=\"true\">&#9733;<\/i>\t\t\t\t<span itemprop=\"ratingValue\" class=\"elementor-screen-only\">Rated 5 out of 5<\/span>\n\t\t\t<\/div>\n\t\t<\/div>\n\t\t\t\t\t\t<\/div>\n\t\t\t\t<\/div>\n\t\t\t\t\t<\/div>\n\t\t<\/div>\n\t\t\t\t<div class=\"elementor-column elementor-col-33 elementor-top-column elementor-element elementor-element-5e52884d\" data-id=\"5e52884d\" data-element_type=\"column\" data-e-type=\"column\">\n\t\t\t<div class=\"elementor-widget-wrap elementor-element-populated\">\n\t\t\t\t\t\t<div class=\"elementor-element elementor-element-1a98d72b elementor-cta--valign-bottom elementor-bg-transform elementor-bg-transform-zoom-out elementor-cta--skin-classic elementor-widget elementor-widget-call-to-action\" data-id=\"1a98d72b\" data-element_type=\"widget\" data-e-type=\"widget\" data-widget_type=\"call-to-action.default\">\n\t\t\t\t<div class=\"elementor-widget-container\">\n\t\t\t\t\t\t\t<div class=\"elementor-cta\">\n\t\t\t\t\t<div class=\"elementor-cta__bg-wrapper\">\n\t\t\t\t<div class=\"elementor-cta__bg elementor-bg\" style=\"background-image: url(https:\/\/shediacbaycruises.ca\/wp-content\/uploads\/2025\/02\/cover_02.jpg);\" role=\"img\" aria-label=\"cover_02.jpg\"><\/div>\n\t\t\t\t<div class=\"elementor-cta__bg-overlay\"><\/div>\n\t\t\t<\/div>\n\t\t\t\t\t\t\t<div class=\"elementor-cta__content\">\n\t\t\t\t\n\t\t\t\t\t\t\t\t\t<h4 class=\"elementor-cta__title elementor-cta__content-item elementor-content-item\">\n\t\t\t\t\t\tCroisi\u00e8re priv\u00e9es\t\t\t\t\t<\/h4>\n\t\t\t\t\n\t\t\t\t\t\t\t\t\t<div class=\"elementor-cta__description elementor-cta__content-item elementor-content-item\">\n\t\t\t\t\t\tExplorez la baie de Shediac lors d'une aventure en bateau exclusive adapt\u00e9e \u00e0 vous et \u00e0 votre groupe. <br><br>\t\t\t\t\t<\/div>\n\t\t\t\t\n\t\t\t\t\t\t\t\t\t<div class=\"elementor-cta__button-wrapper elementor-cta__content-item elementor-content-item\">\n\t\t\t\t\t<a class=\"elementor-cta__button elementor-button elementor-size-\" href=\"https:\/\/shediacbaycruises.ca\/fr\/?p=219\">\n\t\t\t\t\t\tReserve maintenant\t\t\t\t\t<\/a>\n\t\t\t\t\t<\/div>\n\t\t\t\t\t\t\t<\/div>\n\t\t\t\t\t\t<\/div>\n\t\t\t\t\t\t<\/div>\n\t\t\t\t<\/div>\n\t\t\t\t<div class=\"elementor-element elementor-element-763469d7 elementor-icon-list--layout-inline elementor-widget__width-auto elementor-absolute elementor-list-item-link-full_width elementor-widget elementor-widget-icon-list\" data-id=\"763469d7\" data-element_type=\"widget\" data-e-type=\"widget\" data-settings=\"{&quot;_position&quot;:&quot;absolute&quot;}\" data-widget_type=\"icon-list.default\">\n\t\t\t\t<div class=\"elementor-widget-container\">\n\t\t\t\t\t\t\t<ul class=\"elementor-icon-list-items elementor-inline-items\">\n\t\t\t\t\t\t\t<li class=\"elementor-icon-list-item elementor-inline-item\">\n\t\t\t\t\t\t\t\t\t\t\t<span class=\"elementor-icon-list-icon\">\n\t\t\t\t\t\t\t<i aria-hidden=\"true\" class=\"icon_clock\"><\/i>\t\t\t\t\t\t<\/span>\n\t\t\t\t\t\t\t\t\t\t<span class=\"elementor-icon-list-text\">2.5 hrs<\/span>\n\t\t\t\t\t\t\t\t\t<\/li>\n\t\t\t\t\t\t\t\t<li class=\"elementor-icon-list-item elementor-inline-item\">\n\t\t\t\t\t\t\t\t\t\t\t<span class=\"elementor-icon-list-icon\">\n\t\t\t\t\t\t\t<svg aria-hidden=\"true\" class=\"e-font-icon-svg e-fas-user-friends\" viewbox=\"0 0 640 512\" xmlns=\"http:\/\/www.w3.org\/2000\/svg\"><path d=\"M192 256c61.9 0 112-50.1 112-112S253.9 32 192 32 80 82.1 80 144s50.1 112 112 112zm76.8 32h-8.3c-20.8 10-43.9 16-68.5 16s-47.6-6-68.5-16h-8.3C51.6 288 0 339.6 0 403.2V432c0 26.5 21.5 48 48 48h288c26.5 0 48-21.5 48-48v-28.8c0-63.6-51.6-115.2-115.2-115.2zM480 256c53 0 96-43 96-96s-43-96-96-96-96 43-96 96 43 96 96 96zm48 32h-3.8c-13.9 4.8-28.6 8-44.2 8s-30.3-3.2-44.2-8H432c-20.4 0-39.2 5.9-55.7 15.4 24.4 26.3 39.7 61.2 39.7 99.8v38.4c0 2.2-.5 4.3-.6 6.4H592c26.5 0 48-21.5 48-48 0-61.9-50.1-112-112-112z\"><\/path><\/svg>\t\t\t\t\t\t<\/span>\n\t\t\t\t\t\t\t\t\t\t<span class=\"elementor-icon-list-text\">Places disponibles : 65<\/span>\n\t\t\t\t\t\t\t\t\t<\/li>\n\t\t\t\t\t\t<\/ul>\n\t\t\t\t\t\t<\/div>\n\t\t\t\t<\/div>\n\t\t\t\t<div class=\"elementor-element elementor-element-7b568a8a elementor--star-style-star_unicode elementor-widget__width-auto elementor-absolute elementor-widget elementor-widget-star-rating\" data-id=\"7b568a8a\" data-element_type=\"widget\" data-e-type=\"widget\" data-settings=\"{&quot;_position&quot;:&quot;absolute&quot;}\" data-widget_type=\"star-rating.default\">\n\t\t\t\t<div class=\"elementor-widget-container\">\n\t\t\t\t\t\t\t<div class=\"elementor-star-rating__wrapper\">\n\t\t\t\t\t\t\t<div class=\"elementor-star-rating__title\">(5)<\/div>\n\t\t\t\t\t\t<div class=\"elementor-star-rating\" itemtype=\"http:\/\/schema.org\/Rating\" itemscope=\"\" itemprop=\"reviewRating\">\n\t\t\t\t<i class=\"elementor-star-full\" aria-hidden=\"true\">&#9733;<\/i><i class=\"elementor-star-full\" aria-hidden=\"true\">&#9733;<\/i><i class=\"elementor-star-full\" aria-hidden=\"true\">&#9733;<\/i><i class=\"elementor-star-full\" aria-hidden=\"true\">&#9733;<\/i><i class=\"elementor-star-full\" aria-hidden=\"true\">&#9733;<\/i>\t\t\t\t<span itemprop=\"ratingValue\" class=\"elementor-screen-only\">Rated 5 out of 5<\/span>\n\t\t\t<\/div>\n\t\t<\/div>\n\t\t\t\t\t\t<\/div>\n\t\t\t\t<\/div>\n\t\t\t\t\t<\/div>\n\t\t<\/div>\n\t\t\t\t\t<\/div>\n\t\t<\/section>\n\t\t\t\t<\/div>","protected":false},"excerpt":{"rendered":"<p>Check out our other cruises All our experiences are designed to please Bay Tours Relax in the sea breeze as you immerse yourself into the scenic beauty and rich history of renowned Shediac Bay. Book now 1.25 hrs Available seats: 65 (5) &#9733;&#9733;&#9733;&#9733;&#9733; 5\/5 Private Charter Explore Shediac Bay on an exclusive boating adventure tailored [&hellip;]<\/p>\n","protected":false},"author":1,"featured_media":0,"parent":0,"menu_order":0,"comment_status":"closed","ping_status":"closed","template":"","meta":{"footnotes":""},"class_list":["post-2217","page","type-page","status-publish","hentry"],"yoast_head":"<!-- This site is optimized with the Yoast SEO plugin v27.1.1 - https:\/\/yoast.com\/product\/yoast-seo-wordpress\/ -->\n<title>Live comedy on the bay - Shediac Bay Cruises<\/title>\n<meta name=\"robots\" content=\"index, follow, max-snippet:-1, max-image-preview:large, max-video-preview:-1\" \/>\n<link rel=\"canonical\" href=\"https:\/\/shediacbaycruises.ca\/fr\/live-comedy-on-the-bay\/\" \/>\n<meta property=\"og:locale\" content=\"fr_CA\" \/>\n<meta property=\"og:type\" content=\"article\" \/>\n<meta property=\"og:title\" content=\"Live comedy on the bay - Shediac Bay Cruises\" \/>\n<meta property=\"og:description\" content=\"Check out our other cruises All our experiences are designed to please Bay Tours Relax in the sea breeze as you immerse yourself into the scenic beauty and rich history of renowned Shediac Bay. Book now 1.25 hrs Available seats: 65 (5) &#9733;&#9733;&#9733;&#9733;&#9733; 5\/5 Private Charter Explore Shediac Bay on an exclusive boating adventure tailored [&hellip;]\" \/>\n<meta property=\"og:url\" content=\"https:\/\/shediacbaycruises.ca\/fr\/live-comedy-on-the-bay\/\" \/>\n<meta property=\"og:site_name\" content=\"Shediac Bay Cruises\" \/>\n<meta property=\"article:modified_time\" content=\"2025-08-12T15:01:41+00:00\" \/>\n<meta property=\"og:image\" content=\"https:\/\/shediacbaycruises.ca\/wp-content\/uploads\/2025\/02\/boat_wheel_black.png\" \/>\n\t<meta property=\"og:image:width\" content=\"542\" \/>\n\t<meta property=\"og:image:height\" content=\"291\" \/>\n\t<meta property=\"og:image:type\" content=\"image\/png\" \/>\n<meta name=\"twitter:card\" content=\"summary_large_image\" \/>\n<meta name=\"twitter:label1\" content=\"Estimation du temps de lecture\" \/>\n\t<meta name=\"twitter:data1\" content=\"1 minute\" \/>\n<script type=\"application\/ld+json\" class=\"yoast-schema-graph\">{\"@context\":\"https:\/\/schema.org\",\"@graph\":[{\"@type\":\"WebPage\",\"@id\":\"https:\/\/shediacbaycruises.ca\/live-comedy-on-the-bay\/\",\"url\":\"https:\/\/shediacbaycruises.ca\/live-comedy-on-the-bay\/\",\"name\":\"Live comedy on the bay - Shediac Bay Cruises\",\"isPartOf\":{\"@id\":\"https:\/\/shediacbaycruises.ca\/#website\"},\"primaryImageOfPage\":{\"@id\":\"https:\/\/shediacbaycruises.ca\/live-comedy-on-the-bay\/#primaryimage\"},\"image\":{\"@id\":\"https:\/\/shediacbaycruises.ca\/live-comedy-on-the-bay\/#primaryimage\"},\"thumbnailUrl\":\"https:\/\/shediacbaycruises.ca\/wp-content\/uploads\/2025\/02\/boat_wheel_black.png\",\"datePublished\":\"2025-08-12T14:56:57+00:00\",\"dateModified\":\"2025-08-12T15:01:41+00:00\",\"breadcrumb\":{\"@id\":\"https:\/\/shediacbaycruises.ca\/live-comedy-on-the-bay\/#breadcrumb\"},\"inLanguage\":\"fr-CA\",\"potentialAction\":[{\"@type\":\"ReadAction\",\"target\":[\"https:\/\/shediacbaycruises.ca\/live-comedy-on-the-bay\/\"]}]},{\"@type\":\"ImageObject\",\"inLanguage\":\"fr-CA\",\"@id\":\"https:\/\/shediacbaycruises.ca\/live-comedy-on-the-bay\/#primaryimage\",\"url\":\"https:\/\/shediacbaycruises.ca\/wp-content\/uploads\/2025\/02\/boat_wheel_black.png\",\"contentUrl\":\"https:\/\/shediacbaycruises.ca\/wp-content\/uploads\/2025\/02\/boat_wheel_black.png\"},{\"@type\":\"BreadcrumbList\",\"@id\":\"https:\/\/shediacbaycruises.ca\/live-comedy-on-the-bay\/#breadcrumb\",\"itemListElement\":[{\"@type\":\"ListItem\",\"position\":1,\"name\":\"Home\",\"item\":\"https:\/\/shediacbaycruises.ca\/\"},{\"@type\":\"ListItem\",\"position\":2,\"name\":\"Live comedy on the bay\"}]},{\"@type\":\"WebSite\",\"@id\":\"https:\/\/shediacbaycruises.ca\/#website\",\"url\":\"https:\/\/shediacbaycruises.ca\/\",\"name\":\"Shediac Bay Cruises\",\"description\":\"Award winning boat tours. Explore Shediac Bay&#039;s Beauty and History with Shediac Bay Cruises - Lobster Tours and Scenic Views\",\"publisher\":{\"@id\":\"https:\/\/shediacbaycruises.ca\/#organization\"},\"potentialAction\":[{\"@type\":\"SearchAction\",\"target\":{\"@type\":\"EntryPoint\",\"urlTemplate\":\"https:\/\/shediacbaycruises.ca\/?s={search_term_string}\"},\"query-input\":{\"@type\":\"PropertyValueSpecification\",\"valueRequired\":true,\"valueName\":\"search_term_string\"}}],\"inLanguage\":\"fr-CA\"},{\"@type\":\"Organization\",\"@id\":\"https:\/\/shediacbaycruises.ca\/#organization\",\"name\":\"Shediac Bay Cruises\",\"url\":\"https:\/\/shediacbaycruises.ca\/\",\"logo\":{\"@type\":\"ImageObject\",\"inLanguage\":\"fr-CA\",\"@id\":\"https:\/\/shediacbaycruises.ca\/#\/schema\/logo\/image\/\",\"url\":\"https:\/\/shediacbaycruises.ca\/wp-content\/uploads\/2025\/02\/ShediacBayCruises-logo.png\",\"contentUrl\":\"https:\/\/shediacbaycruises.ca\/wp-content\/uploads\/2025\/02\/ShediacBayCruises-logo.png\",\"width\":350,\"height\":100,\"caption\":\"Shediac Bay Cruises\"},\"image\":{\"@id\":\"https:\/\/shediacbaycruises.ca\/#\/schema\/logo\/image\/\"}}]}<\/script>\n<!-- \/ Yoast SEO plugin. -->","yoast_head_json":{"title":"Live comedy on the bay - Shediac Bay Cruises","robots":{"index":"index","follow":"follow","max-snippet":"max-snippet:-1","max-image-preview":"max-image-preview:large","max-video-preview":"max-video-preview:-1"},"canonical":"https:\/\/shediacbaycruises.ca\/fr\/live-comedy-on-the-bay\/","og_locale":"fr_CA","og_type":"article","og_title":"Live comedy on the bay - Shediac Bay Cruises","og_description":"Check out our other cruises All our experiences are designed to please Bay Tours Relax in the sea breeze as you immerse yourself into the scenic beauty and rich history of renowned Shediac Bay. Book now 1.25 hrs Available seats: 65 (5) &#9733;&#9733;&#9733;&#9733;&#9733; 5\/5 Private Charter Explore Shediac Bay on an exclusive boating adventure tailored [&hellip;]","og_url":"https:\/\/shediacbaycruises.ca\/fr\/live-comedy-on-the-bay\/","og_site_name":"Shediac Bay Cruises","article_modified_time":"2025-08-12T15:01:41+00:00","og_image":[{"width":542,"height":291,"url":"https:\/\/shediacbaycruises.ca\/wp-content\/uploads\/2025\/02\/boat_wheel_black.png","type":"image\/png"}],"twitter_card":"summary_large_image","twitter_misc":{"Estimation du temps de lecture":"1 minute"},"schema":{"@context":"https:\/\/schema.org","@graph":[{"@type":"WebPage","@id":"https:\/\/shediacbaycruises.ca\/live-comedy-on-the-bay\/","url":"https:\/\/shediacbaycruises.ca\/live-comedy-on-the-bay\/","name":"Live comedy on the bay - Shediac Bay Cruises","isPartOf":{"@id":"https:\/\/shediacbaycruises.ca\/#website"},"primaryImageOfPage":{"@id":"https:\/\/shediacbaycruises.ca\/live-comedy-on-the-bay\/#primaryimage"},"image":{"@id":"https:\/\/shediacbaycruises.ca\/live-comedy-on-the-bay\/#primaryimage"},"thumbnailUrl":"https:\/\/shediacbaycruises.ca\/wp-content\/uploads\/2025\/02\/boat_wheel_black.png","datePublished":"2025-08-12T14:56:57+00:00","dateModified":"2025-08-12T15:01:41+00:00","breadcrumb":{"@id":"https:\/\/shediacbaycruises.ca\/live-comedy-on-the-bay\/#breadcrumb"},"inLanguage":"fr-CA","potentialAction":[{"@type":"ReadAction","target":["https:\/\/shediacbaycruises.ca\/live-comedy-on-the-bay\/"]}]},{"@type":"ImageObject","inLanguage":"fr-CA","@id":"https:\/\/shediacbaycruises.ca\/live-comedy-on-the-bay\/#primaryimage","url":"https:\/\/shediacbaycruises.ca\/wp-content\/uploads\/2025\/02\/boat_wheel_black.png","contentUrl":"https:\/\/shediacbaycruises.ca\/wp-content\/uploads\/2025\/02\/boat_wheel_black.png"},{"@type":"BreadcrumbList","@id":"https:\/\/shediacbaycruises.ca\/live-comedy-on-the-bay\/#breadcrumb","itemListElement":[{"@type":"ListItem","position":1,"name":"Home","item":"https:\/\/shediacbaycruises.ca\/"},{"@type":"ListItem","position":2,"name":"Live comedy on the bay"}]},{"@type":"WebSite","@id":"https:\/\/shediacbaycruises.ca\/#website","url":"https:\/\/shediacbaycruises.ca\/","name":"Shediac Bay Cruises","description":"Award winning boat tours. Explore Shediac Bay&#039;s Beauty and History with Shediac Bay Cruises - Lobster Tours and Scenic Views","publisher":{"@id":"https:\/\/shediacbaycruises.ca\/#organization"},"potentialAction":[{"@type":"SearchAction","target":{"@type":"EntryPoint","urlTemplate":"https:\/\/shediacbaycruises.ca\/?s={search_term_string}"},"query-input":{"@type":"PropertyValueSpecification","valueRequired":true,"valueName":"search_term_string"}}],"inLanguage":"fr-CA"},{"@type":"Organization","@id":"https:\/\/shediacbaycruises.ca\/#organization","name":"Shediac Bay Cruises","url":"https:\/\/shediacbaycruises.ca\/","logo":{"@type":"ImageObject","inLanguage":"fr-CA","@id":"https:\/\/shediacbaycruises.ca\/#\/schema\/logo\/image\/","url":"https:\/\/shediacbaycruises.ca\/wp-content\/uploads\/2025\/02\/ShediacBayCruises-logo.png","contentUrl":"https:\/\/shediacbaycruises.ca\/wp-content\/uploads\/2025\/02\/ShediacBayCruises-logo.png","width":350,"height":100,"caption":"Shediac Bay Cruises"},"image":{"@id":"https:\/\/shediacbaycruises.ca\/#\/schema\/logo\/image\/"}}]}},"_links":{"self":[{"href":"https:\/\/shediacbaycruises.ca\/fr\/wp-json\/wp\/v2\/pages\/2217","targetHints":{"allow":["GET"]}}],"collection":[{"href":"https:\/\/shediacbaycruises.ca\/fr\/wp-json\/wp\/v2\/pages"}],"about":[{"href":"https:\/\/shediacbaycruises.ca\/fr\/wp-json\/wp\/v2\/types\/page"}],"author":[{"embeddable":true,"href":"https:\/\/shediacbaycruises.ca\/fr\/wp-json\/wp\/v2\/users\/1"}],"replies":[{"embeddable":true,"href":"https:\/\/shediacbaycruises.ca\/fr\/wp-json\/wp\/v2\/comments?post=2217"}],"version-history":[{"count":7,"href":"https:\/\/shediacbaycruises.ca\/fr\/wp-json\/wp\/v2\/pages\/2217\/revisions"}],"predecessor-version":[{"id":2226,"href":"https:\/\/shediacbaycruises.ca\/fr\/wp-json\/wp\/v2\/pages\/2217\/revisions\/2226"}],"wp:attachment":[{"href":"https:\/\/shediacbaycruises.ca\/fr\/wp-json\/wp\/v2\/media?parent=2217"}],"curies":[{"name":"wp","href":"https:\/\/api.w.org\/{rel}","templated":true}]}}